{"id":183,"date":"2025-02-11T01:32:00","date_gmt":"2025-02-11T00:32:00","guid":{"rendered":"https:\/\/bellesn.cluster021.hosting.ovh.net\/?page_id=183"},"modified":"2025-05-20T23:41:16","modified_gmt":"2025-05-20T21:41:16","slug":"auto-rencarts","status":"publish","type":"page","link":"https:\/\/bellesmecaniques.com\/index.php\/auto-rencarts\/","title":{"rendered":"Auto-Rencarts"},"content":{"rendered":"\n<p>Nous realisons des autorencarts<\/p>\n\n\n\n<div class=\"wp-block-uagb-container uagb-block-0ae1d3d2 alignfull uagb-is-root-container\"><div class=\"uagb-container-inner-blocks-wrap\">\n<div class=\"wp-block-uagb-container uagb-block-9d38ebde\">\n<div class=\"wp-block-uagb-info-box uagb-block-5b89c740 uagb-infobox__content-wrap  uagb-infobox-icon-above-title uagb-infobox-image-valign-top\"><div class=\"uagb-ifb-content\"><div class=\"uagb-ifb-title-wrap\"><h3 class=\"uagb-ifb-title\">Infos<\/h3><\/div><p class=\"uagb-ifb-desc\">\ud83d\udccd <strong>Lieu :<\/strong> Place du March\u00e9 aux Fruits, Chanas (38)<br>\ud83d\udcc5 <strong>Quand ?<\/strong> Chaque <strong>4\u1d49 dimanche du mois<\/strong><br>\ud83d\udd58 <strong>Horaires :<\/strong> de <strong>9h \u00e0 12h30<\/strong><br><strong>Un rendez-vous incontournable pour les passionn\u00e9s !<\/strong><br>Depuis la fin d\u2019ann\u00e9e <strong>2022<\/strong>, date de notre <strong>tout premier auto-rencart<\/strong>, cet \u00e9v\u00e9nement mensuel est devenu un moment phare pour tous les amateurs de belles m\u00e9caniques. D\u00e8s notre premi\u00e8re \u00e9dition, le succ\u00e8s \u00e9tait au rendez-vous, et depuis, nous ne cessons d\u2019innover pour offrir \u00e0 nos visiteurs des rencontres toujours plus conviviales et th\u00e9matiques !<br><\/p><\/div><\/div>\n<\/div>\n\n\n\n<div class=\"wp-block-uagb-container uagb-block-0ac71ecf\">\n<div class=\"wp-block-uagb-image uagb-block-8febb0b4 wp-block-uagb-image--layout-default wp-block-uagb-image--effect-static wp-block-uagb-image--align-none\"><figure class=\"wp-block-uagb-image__figure\"><img decoding=\"async\" srcset=\"https:\/\/bellesmecaniques.com\/wp-content\/uploads\/2025\/02\/475106836_floute-1024x683.jpg ,https:\/\/bellesmecaniques.com\/wp-content\/uploads\/2025\/02\/475106836_floute.jpg 780w, https:\/\/bellesmecaniques.com\/wp-content\/uploads\/2025\/02\/475106836_floute.jpg 360w\" sizes=\"auto, (max-width: 480px) 150px\" src=\"https:\/\/bellesmecaniques.com\/wp-content\/uploads\/2025\/02\/475106836_floute-1024x683.jpg\" alt=\"\" class=\"uag-image-266\" width=\"1024\" height=\"683\" title=\"475106836_floute\" loading=\"lazy\" role=\"img\"\/><\/figure><\/div>\n<\/div>\n\n\n\n<div class=\"wp-block-uagb-container uagb-block-9109ed6e\">\n<div class=\"wp-block-uagb-image uagb-block-fca01135 wp-block-uagb-image--layout-default wp-block-uagb-image--effect-static wp-block-uagb-image--align-none\"><figure class=\"wp-block-uagb-image__figure\"><img decoding=\"async\" srcset=\"https:\/\/bellesmecaniques.com\/wp-content\/uploads\/2025\/02\/327066567_418389477138777_3756598336647587939_n-1024x684.jpg ,https:\/\/bellesmecaniques.com\/wp-content\/uploads\/2025\/02\/327066567_418389477138777_3756598336647587939_n.jpg 780w, https:\/\/bellesmecaniques.com\/wp-content\/uploads\/2025\/02\/327066567_418389477138777_3756598336647587939_n.jpg 360w\" sizes=\"auto, (max-width: 480px) 150px\" src=\"https:\/\/bellesmecaniques.com\/wp-content\/uploads\/2025\/02\/327066567_418389477138777_3756598336647587939_n-1024x684.jpg\" alt=\"\" class=\"uag-image-273\" width=\"2048\" height=\"1367\" title=\"327066567_418389477138777_3756598336647587939_n\" loading=\"lazy\" role=\"img\"\/><\/figure><\/div>\n\n\n\n<figure class=\"wp-block-image size-large\"><img loading=\"lazy\" decoding=\"async\" width=\"1024\" height=\"768\" src=\"https:\/\/bellesmecaniques.com\/wp-content\/uploads\/2025\/02\/342965093_102786239474687_7102709866866650555_n-1024x768.jpg\" alt=\"\" class=\"wp-image-274\" srcset=\"https:\/\/bellesmecaniques.com\/wp-content\/uploads\/2025\/02\/342965093_102786239474687_7102709866866650555_n-1024x768.jpg 1024w, https:\/\/bellesmecaniques.com\/wp-content\/uploads\/2025\/02\/342965093_102786239474687_7102709866866650555_n-300x225.jpg 300w, https:\/\/bellesmecaniques.com\/wp-content\/uploads\/2025\/02\/342965093_102786239474687_7102709866866650555_n-768x576.jpg 768w, https:\/\/bellesmecaniques.com\/wp-content\/uploads\/2025\/02\/342965093_102786239474687_7102709866866650555_n-1536x1152.jpg 1536w, https:\/\/bellesmecaniques.com\/wp-content\/uploads\/2025\/02\/342965093_102786239474687_7102709866866650555_n.jpg 2048w\" sizes=\"auto, (max-width: 1024px) 100vw, 1024px\" \/><\/figure>\n\n\n\n<div class=\"wp-block-uagb-image uagb-block-f2fdaeb9 wp-block-uagb-image--layout-default wp-block-uagb-image--effect-static wp-block-uagb-image--align-none\"><figure class=\"wp-block-uagb-image__figure\"><img decoding=\"async\" srcset=\"https:\/\/bellesmecaniques.com\/wp-content\/uploads\/2025\/02\/460398825_2918698051640263_6146741654255570027_n.jpg ,https:\/\/bellesmecaniques.com\/wp-content\/uploads\/2025\/02\/460398825_2918698051640263_6146741654255570027_n.jpg 780w, https:\/\/bellesmecaniques.com\/wp-content\/uploads\/2025\/02\/460398825_2918698051640263_6146741654255570027_n.jpg 360w\" sizes=\"auto, (max-width: 480px) 150px\" src=\"https:\/\/bellesmecaniques.com\/wp-content\/uploads\/2025\/02\/460398825_2918698051640263_6146741654255570027_n.jpg\" alt=\"\" class=\"uag-image-275\" width=\"945\" height=\"708\" title=\"460398825_2918698051640263_6146741654255570027_n\" loading=\"lazy\" role=\"img\"\/><\/figure><\/div>\n<\/div>\n\n\n\n<div class=\"wp-block-uagb-container uagb-block-dcd1d3e8\">\n<div class=\"wp-block-uagb-info-box uagb-block-399a3b3a uagb-infobox__content-wrap  uagb-infobox-icon-above-title uagb-infobox-image-valign-top\"><div class=\"uagb-ifb-content\"><div class=\"uagb-ifb-title-wrap\"><h3 class=\"uagb-ifb-title\">Des auto-rencarts diff\u00e9rents<\/h3><\/div><p class=\"uagb-ifb-desc\"><strong>Des auto-rencarts \u00e0 th\u00e8mes<\/strong> \ud83c\udfad<br>Chez <strong>Les Belles M\u00e9caniques Chanasiennes<\/strong>, nous aimons allier passion automobile et convivialit\u00e9, c\u2019est pourquoi nous organisons r\u00e9guli\u00e8rement des auto-rencarts sp\u00e9ciaux :<br>\ud83d\ude97 <strong>Sp\u00e9cial Marques &amp; Mod\u00e8les<\/strong> :<br>     &#8211; Sp\u00e9cial Peugeot \ud83e\udd81<br>     <strong>&#8211; Sp\u00e9cial Porsche<\/strong> \ud83c\udfce (un rendez-vous devenu <strong>annuel en octobre<\/strong> !)<br>\ud83c\udf7d <strong>Sp\u00e9cialit\u00e9s culinaires &amp; terroir<\/strong> :<br>    &#8211; Sp\u00e9cial Boudin \ud83d\udc37<br>    &#8211; Sp\u00e9cial Caillette \ud83e\udd69<br>    &#8211; Sp\u00e9cial Vin chaud &amp; Beaujolais nouveau \ud83c\udf77 (\u00e0 consommer avec mod\u00e9ration)<br>   &#8211; Gaufres au feu de bois \ud83e\uddc7\ud83d\udd25<br><br>\ud83c\udf7d <strong>Et notre incontournable \u00e9v\u00e9nement de Juin !<\/strong><br>Depuis deux ans, notre <strong>auto-rencart sp\u00e9cial \u00ab\u00a0Saucisse-Frites\u00a0\u00bb<\/strong> en juin a r\u00e9gal\u00e9 nos visiteurs. Mais cette ann\u00e9e, nous voulons aller encore plus loin ! Nous transformons cette manifestation en un <strong>Sp\u00e9cial \u00ab\u00a030 Glorieuses\u00a0\u00bb<\/strong> \ud83c\udfb6\ud83d\udd7a, d\u00e9di\u00e9 aux v\u00e9hicules des <strong>ann\u00e9es 50, 60 et 70<\/strong>. Une immersion totale dans l\u2019ambiance r\u00e9tro de cette \u00e9poque florissante, pour mettre \u00e0 l\u2019honneur ces voitures qui ont marqu\u00e9 l\u2019histoire !<br><strong>Un moment de partage et de plaisir<\/strong><br>Chaque auto-rencart est aussi l\u2019occasion de <strong>bien accueillir nos visiteurs<\/strong>, avec notre <strong>buvette<\/strong>, toujours pr\u00eate \u00e0 offrir caf\u00e9, boissons et gourmandises pour partager un moment chaleureux entre passionn\u00e9s.<br><br>\ud83d\ude97 <strong>Que vous soyez propri\u00e9taire de v\u00e9hicule ancien ou simple amateur, venez partager un moment unique autour de l\u2019automobile et de la convivialit\u00e9 !<\/strong><br><br>\ud83d\udcc5 <strong>Prochain rendez-vous ?<\/strong> Place du March\u00e9 aux Fruits \u00e0 Chanas\u2026 On vous attend nombreux !<\/p><\/div><\/div>\n<\/div>\n<\/div><\/div>\n\n\n\n<div class=\"wp-block-uagb-container uagb-block-8fe664a9 alignfull uagb-is-root-container\"><div class=\"uagb-container-inner-blocks-wrap\">\n<div class=\"wp-block-uagb-container uagb-block-d2301a80\">\n<div class=\"wp-block-uagb-image uagb-block-9917cd5b wp-block-uagb-image--layout-default wp-block-uagb-image--effect-static wp-block-uagb-image--align-none\"><figure class=\"wp-block-uagb-image__figure\"><img decoding=\"async\" srcset=\"https:\/\/bellesmecaniques.com\/wp-content\/uploads\/2025\/05\/Trente-Glorieuse-Affiche-A4-709x1024.jpg ,https:\/\/bellesmecaniques.com\/wp-content\/uploads\/2025\/05\/Trente-Glorieuse-Affiche-A4-scaled.jpg 780w, https:\/\/bellesmecaniques.com\/wp-content\/uploads\/2025\/05\/Trente-Glorieuse-Affiche-A4-scaled.jpg 360w\" sizes=\"auto, (max-width: 480px) 150px\" src=\"https:\/\/bellesmecaniques.com\/wp-content\/uploads\/2025\/05\/Trente-Glorieuse-Affiche-A4-709x1024.jpg\" alt=\"Les 30 Glorieuses\" class=\"uag-image-520\" width=\"709\" height=\"1024\" title=\"Trente Glorieuse Affiche A4\" loading=\"lazy\" role=\"img\"\/><\/figure><\/div>\n<\/div>\n\n\n\n<div class=\"wp-block-uagb-container uagb-block-6b0025ec\">\n<p>A ne pas manquer cette ann\u00e9e 2025 :<\/p>\n\n\n\n<ul class=\"wp-block-list\">\n<li>Notre grand \u00e9v\u00e9nement sur le th\u00e8me des 30 Glorieuses le 22 Juin 2025<\/li>\n\n\n\n<li>Nos \u00e9v\u00e9nements toujours plus innovant : un auto-rencart nocture sous forme de guinguette, et parce que ce sera les Jeudi 24 Juillet et 21 Ao\u00fbt 2025, cela s&rsquo;appelle Les Jeudis Guinguettes Noctures.<\/li>\n<\/ul>\n<\/div>\n\n\n\n<div class=\"wp-block-uagb-container uagb-block-15c0f6a5\">\n<div class=\"wp-block-uagb-image uagb-block-040262a7 wp-block-uagb-image--layout-default wp-block-uagb-image--effect-static wp-block-uagb-image--align-none\"><figure class=\"wp-block-uagb-image__figure\"><img decoding=\"async\" srcset=\"https:\/\/bellesmecaniques.com\/wp-content\/uploads\/2025\/05\/Affiche-Noctures-4-768x1024.jpg ,https:\/\/bellesmecaniques.com\/wp-content\/uploads\/2025\/05\/Affiche-Noctures-4-scaled.jpg 780w, https:\/\/bellesmecaniques.com\/wp-content\/uploads\/2025\/05\/Affiche-Noctures-4-scaled.jpg 360w\" sizes=\"auto, (max-width: 480px) 150px\" src=\"https:\/\/bellesmecaniques.com\/wp-content\/uploads\/2025\/05\/Affiche-Noctures-4-768x1024.jpg\" alt=\"\" class=\"uag-image-528\" width=\"3150\" height=\"4200\" title=\"Affiche Noctures 4\" loading=\"lazy\" role=\"img\"\/><\/figure><\/div>\n<\/div>\n<\/div><\/div>\n","protected":false},"excerpt":{"rendered":"<p>Nous realisons des autorencarts A ne pas manquer cette ann\u00e9e 2025 :<\/p>\n","protected":false},"author":1,"featured_media":0,"parent":0,"menu_order":0,"comment_status":"closed","ping_status":"closed","template":"","meta":{"_uag_custom_page_level_css":"","site-sidebar-layout":"default","site-content-layout":"","ast-site-content-layout":"","site-content-style":"default","site-sidebar-style":"default","ast-global-header-display":"","ast-banner-title-visibility":"","ast-main-header-display":"","ast-hfb-above-header-display":"","ast-hfb-below-header-display":"","ast-hfb-mobile-header-display":"","site-post-title":"","ast-breadcrumbs-content":"","ast-featured-img":"","footer-sml-layout":"","theme-transparent-header-meta":"","adv-header-id-meta":"","stick-header-meta":"","header-above-stick-meta":"","header-main-stick-meta":"","header-below-stick-meta":"","astra-migrate-meta-layouts":"default","ast-page-background-enabled":"default","ast-page-background-meta":{"desktop":{"background-color":"var(--ast-global-color-4)","background-image":"","background-repeat":"repeat","background-position":"center center","background-size":"auto","background-attachment":"scroll","background-type":"","background-media":"","overlay-type":"","overlay-color":"","overlay-opacity":"","overlay-gradient":""},"tablet":{"background-color":"","background-image":"","background-repeat":"repeat","background-position":"center center","background-size":"auto","background-attachment":"scroll","background-type":"","background-media":"","overlay-type":"","overlay-color":"","overlay-opacity":"","overlay-gradient":""},"mobile":{"background-color":"","background-image":"","background-repeat":"repeat","background-position":"center center","background-size":"auto","background-attachment":"scroll","background-type":"","background-media":"","overlay-type":"","overlay-color":"","overlay-opacity":"","overlay-gradient":""}},"ast-content-background-meta":{"desktop":{"background-color":"var(--ast-global-color-5)","background-image":"","background-repeat":"repeat","background-position":"center center","background-size":"auto","background-attachment":"scroll","background-type":"","background-media":"","overlay-type":"","overlay-color":"","overlay-opacity":"","overlay-gradient":""},"tablet":{"background-color":"var(--ast-global-color-5)","background-image":"","background-repeat":"repeat","background-position":"center center","background-size":"auto","background-attachment":"scroll","background-type":"","background-media":"","overlay-type":"","overlay-color":"","overlay-opacity":"","overlay-gradient":""},"mobile":{"background-color":"var(--ast-global-color-5)","background-image":"","background-repeat":"repeat","background-position":"center center","background-size":"auto","background-attachment":"scroll","background-type":"","background-media":"","overlay-type":"","overlay-color":"","overlay-opacity":"","overlay-gradient":""}},"footnotes":""},"class_list":["post-183","page","type-page","status-publish","hentry"],"uagb_featured_image_src":{"full":false,"thumbnail":false,"medium":false,"medium_large":false,"large":false,"1536x1536":false,"2048x2048":false},"uagb_author_info":{"display_name":"admin9842","author_link":"https:\/\/bellesmecaniques.com\/index.php\/author\/admin9842\/"},"uagb_comment_info":0,"uagb_excerpt":"Nous realisons des autorencarts A ne pas manquer cette ann\u00e9e 2025 :","_links":{"self":[{"href":"https:\/\/bellesmecaniques.com\/index.php\/wp-json\/wp\/v2\/pages\/183","targetHints":{"allow":["GET"]}}],"collection":[{"href":"https:\/\/bellesmecaniques.com\/index.php\/wp-json\/wp\/v2\/pages"}],"about":[{"href":"https:\/\/bellesmecaniques.com\/index.php\/wp-json\/wp\/v2\/types\/page"}],"author":[{"embeddable":true,"href":"https:\/\/bellesmecaniques.com\/index.php\/wp-json\/wp\/v2\/users\/1"}],"replies":[{"embeddable":true,"href":"https:\/\/bellesmecaniques.com\/index.php\/wp-json\/wp\/v2\/comments?post=183"}],"version-history":[{"count":8,"href":"https:\/\/bellesmecaniques.com\/index.php\/wp-json\/wp\/v2\/pages\/183\/revisions"}],"predecessor-version":[{"id":529,"href":"https:\/\/bellesmecaniques.com\/index.php\/wp-json\/wp\/v2\/pages\/183\/revisions\/529"}],"wp:attachment":[{"href":"https:\/\/bellesmecaniques.com\/index.php\/wp-json\/wp\/v2\/media?parent=183"}],"curies":[{"name":"wp","href":"https:\/\/api.w.org\/{rel}","templated":true}]}}