{"id":190,"date":"2025-02-11T01:38:29","date_gmt":"2025-02-11T00:38:29","guid":{"rendered":"https:\/\/bellesn.cluster021.hosting.ovh.net\/?page_id=190"},"modified":"2025-02-15T23:19:55","modified_gmt":"2025-02-15T22:19:55","slug":"sorties","status":"publish","type":"page","link":"https:\/\/bellesmecaniques.com\/index.php\/sorties\/","title":{"rendered":"Sorties"},"content":{"rendered":"\n<p><\/p>\n\n\n\n<div class=\"wp-block-uagb-container uagb-block-69954d49 alignfull uagb-is-root-container\"><div class=\"uagb-container-inner-blocks-wrap\">\n<div class=\"wp-block-uagb-container uagb-block-635f0e4e\">\n<div class=\"wp-block-uagb-info-box uagb-block-51479eb9 uagb-infobox__content-wrap  uagb-infobox-icon-above-title uagb-infobox-image-valign-top\"><div class=\"uagb-ifb-content\"><div class=\"uagb-ifb-title-wrap\"><h3 class=\"uagb-ifb-title\">Prenons la route ensemble !<\/h3><\/div><p class=\"uagb-ifb-desc\">Les <strong>sorties<\/strong> font partie des moments attendus de notre association ! Elles sont l\u2019occasion id\u00e9ale de <strong>faire rouler nos belles m\u00e9caniques<\/strong>, de partager de bons moments entre passionn\u00e9s et de d\u00e9couvrir ensemble des routes et des lieux d\u2019exception.<br><strong>Des sorties vari\u00e9es et conviviales<\/strong><br>Nous organisons plusieurs <strong>sorties par an<\/strong>, que ce soit :<br>\u2714 <strong>\u00c0 l\u2019initiative du bureau<\/strong>, pour proposer des itin\u00e9raires soigneusement pr\u00e9par\u00e9s.<br>\u2714 <strong>De mani\u00e8re spontan\u00e9e<\/strong>, quand nos membres prennent l\u2019initiative de rassembler un petit groupe pour une escapade improvis\u00e9e.<br>En g\u00e9n\u00e9ral, nos balades se d\u00e9roulent <strong>sur une journ\u00e9e compl\u00e8te<\/strong>, avec des \u00e9tapes gourmandes, des visites et surtout beaucoup de plaisir \u00e0 conduire nos v\u00e9hicules ensemble.<br><\/p><\/div><\/div>\n<\/div>\n\n\n\n<div class=\"wp-block-uagb-container uagb-block-f6880fd9\">\n<div class=\"wp-block-uagb-image uagb-block-5ab895e3 wp-block-uagb-image--layout-default wp-block-uagb-image--effect-static wp-block-uagb-image--align-none\"><figure class=\"wp-block-uagb-image__figure\"><img decoding=\"async\" srcset=\"https:\/\/bellesmecaniques.com\/wp-content\/uploads\/2025\/02\/332112417_1604216260041022_5002701602863782236_n.jpg ,https:\/\/bellesmecaniques.com\/wp-content\/uploads\/2025\/02\/332112417_1604216260041022_5002701602863782236_n.jpg 780w, https:\/\/bellesmecaniques.com\/wp-content\/uploads\/2025\/02\/332112417_1604216260041022_5002701602863782236_n.jpg 360w\" sizes=\"auto, (max-width: 480px) 150px\" src=\"https:\/\/bellesmecaniques.com\/wp-content\/uploads\/2025\/02\/332112417_1604216260041022_5002701602863782236_n.jpg\" alt=\"\" class=\"uag-image-287\" width=\"256\" height=\"142\" title=\"332112417_1604216260041022_5002701602863782236_n\" loading=\"lazy\" role=\"img\"\/><\/figure><\/div>\n<\/div>\n\n\n\n<div class=\"wp-block-uagb-container uagb-block-0617ba0f\">\n<figure class=\"wp-block-image size-full\"><img loading=\"lazy\" decoding=\"async\" width=\"526\" height=\"701\" src=\"https:\/\/bellesmecaniques.com\/wp-content\/uploads\/2025\/02\/332040401_2220786574767837_1563464479242073200_n.jpg\" alt=\"\" class=\"wp-image-286\" srcset=\"https:\/\/bellesmecaniques.com\/wp-content\/uploads\/2025\/02\/332040401_2220786574767837_1563464479242073200_n.jpg 526w, https:\/\/bellesmecaniques.com\/wp-content\/uploads\/2025\/02\/332040401_2220786574767837_1563464479242073200_n-225x300.jpg 225w\" sizes=\"auto, (max-width: 526px) 100vw, 526px\" \/><\/figure>\n<\/div>\n\n\n\n<div class=\"wp-block-uagb-container uagb-block-9bc667c8\">\n<div class=\"wp-block-uagb-info-box uagb-block-64d22335 uagb-infobox__content-wrap  uagb-infobox-icon-above-title uagb-infobox-image-valign-top\"><div class=\"uagb-ifb-content\"><div class=\"uagb-ifb-icon-wrap\"><svg xmlns=\"https:\/\/www.w3.org\/2000\/svg\" viewBox=\"0 0 512 512\"><path d=\"M0 256C0 114.6 114.6 0 256 0C397.4 0 512 114.6 512 256C512 397.4 397.4 512 256 512C114.6 512 0 397.4 0 256zM371.8 211.8C382.7 200.9 382.7 183.1 371.8 172.2C360.9 161.3 343.1 161.3 332.2 172.2L224 280.4L179.8 236.2C168.9 225.3 151.1 225.3 140.2 236.2C129.3 247.1 129.3 264.9 140.2 275.8L204.2 339.8C215.1 350.7 232.9 350.7 243.8 339.8L371.8 211.8z\"><\/path><\/svg><\/div><div class=\"uagb-ifb-title-wrap\"><h3 class=\"uagb-ifb-title\"><strong>Une nouveaut\u00e9 pour 2025 !<\/strong><\/h3><\/div><p class=\"uagb-ifb-desc\">Cette ann\u00e9e, nous innovons avec une sortie exceptionnelle sur 2 jours\ud83c\udfc1\u26fa ! Une exp\u00e9rience unique pour prolonger le plaisir, partager encore plus de moments conviviaux et explorer des routes mythiques au volant de nos v\u00e9hicules de prestige et de collection.<br>\ud83d\ude97 <strong>Que vous soyez adepte des sorties au long cours ou des balades improvis\u00e9es, rejoignez-nous pour vivre l\u2019aventure des Belles M\u00e9caniques Chanasiennes !<\/strong><\/p><\/div><\/div>\n<\/div>\n<\/div><\/div>\n","protected":false},"excerpt":{"rendered":"","protected":false},"author":1,"featured_media":0,"parent":0,"menu_order":0,"comment_status":"closed","ping_status":"closed","template":"","meta":{"_uag_custom_page_level_css":"","site-sidebar-layout":"default","site-content-layout":"","ast-site-content-layout":"","site-content-style":"default","site-sidebar-style":"default","ast-global-header-display":"","ast-banner-title-visibility":"","ast-main-header-display":"","ast-hfb-above-header-display":"","ast-hfb-below-header-display":"","ast-hfb-mobile-header-display":"","site-post-title":"","ast-breadcrumbs-content":"","ast-featured-img":"","footer-sml-layout":"","theme-transparent-header-meta":"","adv-header-id-meta":"","stick-header-meta":"","header-above-stick-meta":"","header-main-stick-meta":"","header-below-stick-meta":"","astra-migrate-meta-layouts":"default","ast-page-background-enabled":"default","ast-page-background-meta":{"desktop":{"background-color":"var(--ast-global-color-4)","background-image":"","background-repeat":"repeat","background-position":"center center","background-size":"auto","background-attachment":"scroll","background-type":"","background-media":"","overlay-type":"","overlay-color":"","overlay-opacity":"","overlay-gradient":""},"tablet":{"background-color":"","background-image":"","background-repeat":"repeat","background-position":"center center","background-size":"auto","background-attachment":"scroll","background-type":"","background-media":"","overlay-type":"","overlay-color":"","overlay-opacity":"","overlay-gradient":""},"mobile":{"background-color":"","background-image":"","background-repeat":"repeat","background-position":"center center","background-size":"auto","background-attachment":"scroll","background-type":"","background-media":"","overlay-type":"","overlay-color":"","overlay-opacity":"","overlay-gradient":""}},"ast-content-background-meta":{"desktop":{"background-color":"var(--ast-global-color-5)","background-image":"","background-repeat":"repeat","background-position":"center center","background-size":"auto","background-attachment":"scroll","background-type":"","background-media":"","overlay-type":"","overlay-color":"","overlay-opacity":"","overlay-gradient":""},"tablet":{"background-color":"var(--ast-global-color-5)","background-image":"","background-repeat":"repeat","background-position":"center center","background-size":"auto","background-attachment":"scroll","background-type":"","background-media":"","overlay-type":"","overlay-color":"","overlay-opacity":"","overlay-gradient":""},"mobile":{"background-color":"var(--ast-global-color-5)","background-image":"","background-repeat":"repeat","background-position":"center center","background-size":"auto","background-attachment":"scroll","background-type":"","background-media":"","overlay-type":"","overlay-color":"","overlay-opacity":"","overlay-gradient":""}},"footnotes":""},"class_list":["post-190","page","type-page","status-publish","hentry"],"uagb_featured_image_src":{"full":false,"thumbnail":false,"medium":false,"medium_large":false,"large":false,"1536x1536":false,"2048x2048":false},"uagb_author_info":{"display_name":"admin9842","author_link":"https:\/\/bellesmecaniques.com\/index.php\/author\/admin9842\/"},"uagb_comment_info":0,"uagb_excerpt":null,"_links":{"self":[{"href":"https:\/\/bellesmecaniques.com\/index.php\/wp-json\/wp\/v2\/pages\/190","targetHints":{"allow":["GET"]}}],"collection":[{"href":"https:\/\/bellesmecaniques.com\/index.php\/wp-json\/wp\/v2\/pages"}],"about":[{"href":"https:\/\/bellesmecaniques.com\/index.php\/wp-json\/wp\/v2\/types\/page"}],"author":[{"embeddable":true,"href":"https:\/\/bellesmecaniques.com\/index.php\/wp-json\/wp\/v2\/users\/1"}],"replies":[{"embeddable":true,"href":"https:\/\/bellesmecaniques.com\/index.php\/wp-json\/wp\/v2\/comments?post=190"}],"version-history":[{"count":2,"href":"https:\/\/bellesmecaniques.com\/index.php\/wp-json\/wp\/v2\/pages\/190\/revisions"}],"predecessor-version":[{"id":288,"href":"https:\/\/bellesmecaniques.com\/index.php\/wp-json\/wp\/v2\/pages\/190\/revisions\/288"}],"wp:attachment":[{"href":"https:\/\/bellesmecaniques.com\/index.php\/wp-json\/wp\/v2\/media?parent=190"}],"curies":[{"name":"wp","href":"https:\/\/api.w.org\/{rel}","templated":true}]}}