{"id":192,"date":"2025-02-11T01:39:58","date_gmt":"2025-02-11T00:39:58","guid":{"rendered":"https:\/\/bellesn.cluster021.hosting.ovh.net\/?page_id=192"},"modified":"2025-02-16T00:24:09","modified_gmt":"2025-02-15T23:24:09","slug":"ateliers-mecaniques","status":"publish","type":"page","link":"https:\/\/bellesmecaniques.com\/index.php\/ateliers-mecaniques\/","title":{"rendered":"Ateliers m\u00e9caniques"},"content":{"rendered":"\n<p><\/p>\n\n\n\n<div class=\"wp-block-uagb-container uagb-block-01fa7c08 alignfull uagb-is-root-container\"><div class=\"uagb-container-inner-blocks-wrap\">\n<div class=\"wp-block-uagb-container uagb-block-be6df34e\">\n<div class=\"wp-block-uagb-image uagb-block-2faf11cf wp-block-uagb-image--layout-default wp-block-uagb-image--effect-static wp-block-uagb-image--align-none\"><figure class=\"wp-block-uagb-image__figure\"><img decoding=\"async\" srcset=\"https:\/\/bellesmecaniques.com\/wp-content\/uploads\/2025\/02\/IMG_20231029_171033-1024x576.jpg ,https:\/\/bellesmecaniques.com\/wp-content\/uploads\/2025\/02\/IMG_20231029_171033-scaled.jpg 780w, https:\/\/bellesmecaniques.com\/wp-content\/uploads\/2025\/02\/IMG_20231029_171033-scaled.jpg 360w\" sizes=\"auto, (max-width: 480px) 150px\" src=\"https:\/\/bellesmecaniques.com\/wp-content\/uploads\/2025\/02\/IMG_20231029_171033-1024x576.jpg\" alt=\"\" class=\"uag-image-290\" width=\"4608\" height=\"2592\" title=\"IMG_20231029_171033\" loading=\"lazy\" role=\"img\"\/><\/figure><\/div>\n\n\n\n<div class=\"wp-block-uagb-image uagb-block-c474424c wp-block-uagb-image--layout-default wp-block-uagb-image--effect-static wp-block-uagb-image--align-none\"><figure class=\"wp-block-uagb-image__figure\"><img decoding=\"async\" srcset=\"https:\/\/bellesmecaniques.com\/wp-content\/uploads\/2025\/02\/armand-771x1024.jpg ,https:\/\/bellesmecaniques.com\/wp-content\/uploads\/2025\/02\/armand.jpg 780w, https:\/\/bellesmecaniques.com\/wp-content\/uploads\/2025\/02\/armand.jpg 360w\" sizes=\"auto, (max-width: 480px) 150px\" src=\"https:\/\/bellesmecaniques.com\/wp-content\/uploads\/2025\/02\/armand-771x1024.jpg\" alt=\"\" class=\"uag-image-297\" width=\"771\" height=\"1024\" title=\"armand\" loading=\"lazy\" role=\"img\"\/><\/figure><\/div>\n<\/div>\n\n\n\n<div class=\"wp-block-uagb-container uagb-block-1b7d1e1b\">\n<div class=\"wp-block-uagb-info-box uagb-block-f1b064b3 uagb-infobox__content-wrap  uagb-infobox-icon-above-title uagb-infobox-image-valign-top\"><div class=\"uagb-ifb-content\"><div class=\"uagb-ifb-title-wrap\"><h3 class=\"uagb-ifb-title\">Des ateliers d&rsquo;entraide et solidaire<\/h3><\/div><p class=\"uagb-ifb-desc\">Depuis\u00a0<strong>plus de deux ans<\/strong>, notre association ne se contente pas de rassembler des passionn\u00e9s : nous aidons concr\u00e8tement nos membres \u00e0 redonner vie \u00e0 leurs v\u00e9hicules ! Chaque ann\u00e9e, nous sauvons une voiture qui semblait condamn\u00e9e. En\u00a0<strong>2024<\/strong>, nous avons restaur\u00e9 un v\u00e9hicule sinistr\u00e9 (une Opel Commodore) par une coul\u00e9e de boue d&rsquo;un de nos membres qui \u00e9tait d\u00e9sesp\u00e9r\u00e9 par la situation, \u00e9vitant ainsi qu\u2019il ne parte \u00e0 la casse. Cette ann\u00e9e, nous nous lan\u00e7ons dans un projet ambitieux : remettre en route une Citro\u00ebn Traction, une voiture de famille ayant appartenu au grand-p\u00e8re d\u2019un de nos membres, un t\u00e9moin roulant du pass\u00e9 de Chanas.<br>Les ateliers se d\u00e9roulent dans le garage que nous laisse gracieusement \u00e0 disposition un membre et nous pouvons disposer de son mat\u00e9riel sous le regard d&rsquo;Armand, notre chef d&rsquo;atelier.<\/p><\/div><\/div>\n<\/div>\n\n\n\n<div class=\"wp-block-uagb-container uagb-block-fc096335\">\n<div class=\"wp-block-uagb-info-box uagb-block-4923c1c1 uagb-infobox__content-wrap  uagb-infobox-icon-above-title uagb-infobox-image-valign-top\"><div class=\"uagb-ifb-content\"><div class=\"uagb-ifb-title-wrap\"><h3 class=\"uagb-ifb-title\">Ateliers = partage de connaissance et de convivialit\u00e9<\/h3><\/div><p class=\"uagb-ifb-desc\">Les <strong>ateliers m\u00e9caniques<\/strong> sont bien plus que des moments de travail sur nos voitures : ils sont <strong>des instants de partage, d\u2019apprentissage et de convivialit\u00e9<\/strong> o\u00f9 chacun, quel que soit son niveau, peut mettre la main \u00e0 la p\u00e2te\u2026 ou plut\u00f4t <strong>dans le cambouis !<\/strong><\/p><\/div><\/div>\n<\/div>\n\n\n\n<div class=\"wp-block-uagb-container uagb-block-6cd9a480\">\n<div class=\"wp-block-uagb-image uagb-block-c8a397c2 wp-block-uagb-image--layout-default wp-block-uagb-image--effect-static wp-block-uagb-image--align-none\"><figure class=\"wp-block-uagb-image__figure\"><img decoding=\"async\" srcset=\"https:\/\/bellesmecaniques.com\/wp-content\/uploads\/2025\/02\/477565485_10227315550571538_1816580601941969230_n-1024x768.jpg ,https:\/\/bellesmecaniques.com\/wp-content\/uploads\/2025\/02\/477565485_10227315550571538_1816580601941969230_n.jpg 780w, https:\/\/bellesmecaniques.com\/wp-content\/uploads\/2025\/02\/477565485_10227315550571538_1816580601941969230_n.jpg 360w\" sizes=\"auto, (max-width: 480px) 150px\" src=\"https:\/\/bellesmecaniques.com\/wp-content\/uploads\/2025\/02\/477565485_10227315550571538_1816580601941969230_n-1024x768.jpg\" alt=\"\" class=\"uag-image-237\" width=\"1024\" height=\"768\" title=\"477565485_10227315550571538_1816580601941969230_n\" loading=\"lazy\" role=\"img\"\/><\/figure><\/div>\n<\/div>\n<\/div><\/div>\n\n\n\n<p><\/p>\n\n\n\n<div class=\"wp-block-uagb-container uagb-block-e95c7050 alignfull uagb-is-root-container\"><div class=\"uagb-container-inner-blocks-wrap\">\n<div class=\"wp-block-uagb-container uagb-block-60340cdb\">\n<div class=\"wp-block-uagb-image uagb-block-2cc1c7f8 wp-block-uagb-image--layout-default wp-block-uagb-image--effect-static wp-block-uagb-image--align-none\"><figure class=\"wp-block-uagb-image__figure\"><img decoding=\"async\" srcset=\"https:\/\/bellesmecaniques.com\/wp-content\/uploads\/2025\/02\/479433491_10227315465129402_2573522427027216620_n-1.jpg ,https:\/\/bellesmecaniques.com\/wp-content\/uploads\/2025\/02\/479433491_10227315465129402_2573522427027216620_n-1.jpg 780w, https:\/\/bellesmecaniques.com\/wp-content\/uploads\/2025\/02\/479433491_10227315465129402_2573522427027216620_n-1.jpg 360w\" sizes=\"auto, (max-width: 480px) 150px\" src=\"https:\/\/bellesmecaniques.com\/wp-content\/uploads\/2025\/02\/479433491_10227315465129402_2573522427027216620_n-1.jpg\" alt=\"\" class=\"uag-image-302\" width=\"668\" height=\"896\" title=\"479433491_10227315465129402_2573522427027216620_n\" loading=\"lazy\" role=\"img\"\/><\/figure><\/div>\n<\/div>\n\n\n\n<div class=\"wp-block-uagb-container uagb-block-2d7f91ec\">\n<div class=\"wp-block-uagb-info-box uagb-block-a6b38d46 uagb-infobox__content-wrap  uagb-infobox-icon-above-title uagb-infobox-image-valign-top\"><div class=\"uagb-ifb-content\"><div class=\"uagb-ifb-title-wrap\"><h3 class=\"uagb-ifb-title\"><strong>Chacun trouve sa place !<\/strong><\/h3><\/div><p class=\"uagb-ifb-desc\">\ud83d\udd27 <strong>Vous aimez d\u00e9monter, remonter, r\u00e9gler et r\u00e9parer ?<\/strong> Venez partager votre savoir et donner un coup de main aux membres qui ont besoin d\u2019aide.<br>\ud83d\udc68\u200d\ud83d\udd27 <strong>Vous ne connaissez rien \u00e0 la m\u00e9canique, mais vous voulez apprendre ?<\/strong> Lancez-vous sans crainte, il y aura toujours quelqu\u2019un pour vous guider !.<\/p><\/div><\/div>\n<\/div>\n\n\n\n<div class=\"wp-block-uagb-container uagb-block-57cbbd23\">\n<div class=\"wp-block-uagb-info-box uagb-block-26e11760 uagb-infobox__content-wrap  uagb-infobox-icon-above-title uagb-infobox-image-valign-top\"><div class=\"uagb-ifb-content\"><div class=\"uagb-ifb-title-wrap\"><h3 class=\"uagb-ifb-title\">\ud83c\udf7b <strong>La m\u00e9canique, ce n\u2019est pas votre truc ?<\/strong><\/h3><\/div><p class=\"uagb-ifb-desc\"> Pas de souci ! Vous \u00eates <strong>les bienvenus pour la 3\u1d49 mi-temps<\/strong>, ce moment de d\u00e9tente o\u00f9 l\u2019on se retrouve autour d\u2019un bon repas entre camarades.<br>Chez <strong>Les Belles M\u00e9caniques Chanasiennes<\/strong>, <strong>on r\u00e9pare les voitures, mais aussi on cultive l\u2019amiti\u00e9<\/strong> !<\/p><\/div><\/div>\n<\/div>\n\n\n\n<div class=\"wp-block-uagb-container uagb-block-fd7e01c0\">\n<div class=\"wp-block-uagb-image uagb-block-ce7c0404 wp-block-uagb-image--layout-default wp-block-uagb-image--effect-static wp-block-uagb-image--align-none\"><figure class=\"wp-block-uagb-image__figure\"><img decoding=\"async\" srcset=\"https:\/\/bellesmecaniques.com\/wp-content\/uploads\/2025\/02\/IMG_20231110_211528-2-1024x576.jpg ,https:\/\/bellesmecaniques.com\/wp-content\/uploads\/2025\/02\/IMG_20231110_211528-2.jpg 780w, https:\/\/bellesmecaniques.com\/wp-content\/uploads\/2025\/02\/IMG_20231110_211528-2.jpg 360w\" sizes=\"auto, (max-width: 480px) 150px\" src=\"https:\/\/bellesmecaniques.com\/wp-content\/uploads\/2025\/02\/IMG_20231110_211528-2-1024x576.jpg\" alt=\"\" class=\"uag-image-305\" width=\"1680\" height=\"945\" title=\"IMG_20231110_211528\" loading=\"lazy\" role=\"img\"\/><\/figure><\/div>\n<\/div>\n<\/div><\/div>\n\n\n\n<p><\/p>\n","protected":false},"excerpt":{"rendered":"","protected":false},"author":1,"featured_media":0,"parent":0,"menu_order":0,"comment_status":"closed","ping_status":"closed","template":"","meta":{"_uag_custom_page_level_css":"","site-sidebar-layout":"default","site-content-layout":"","ast-site-content-layout":"","site-content-style":"default","site-sidebar-style":"default","ast-global-header-display":"","ast-banner-title-visibility":"","ast-main-header-display":"","ast-hfb-above-header-display":"","ast-hfb-below-header-display":"","ast-hfb-mobile-header-display":"","site-post-title":"","ast-breadcrumbs-content":"","ast-featured-img":"","footer-sml-layout":"","theme-transparent-header-meta":"","adv-header-id-meta":"","stick-header-meta":"","header-above-stick-meta":"","header-main-stick-meta":"","header-below-stick-meta":"","astra-migrate-meta-layouts":"default","ast-page-background-enabled":"default","ast-page-background-meta":{"desktop":{"background-color":"var(--ast-global-color-4)","background-image":"","background-repeat":"repeat","background-position":"center center","background-size":"auto","background-attachment":"scroll","background-type":"","background-media":"","overlay-type":"","overlay-color":"","overlay-opacity":"","overlay-gradient":""},"tablet":{"background-color":"","background-image":"","background-repeat":"repeat","background-position":"center center","background-size":"auto","background-attachment":"scroll","background-type":"","background-media":"","overlay-type":"","overlay-color":"","overlay-opacity":"","overlay-gradient":""},"mobile":{"background-color":"","background-image":"","background-repeat":"repeat","background-position":"center center","background-size":"auto","background-attachment":"scroll","background-type":"","background-media":"","overlay-type":"","overlay-color":"","overlay-opacity":"","overlay-gradient":""}},"ast-content-background-meta":{"desktop":{"background-color":"var(--ast-global-color-5)","background-image":"","background-repeat":"repeat","background-position":"center center","background-size":"auto","background-attachment":"scroll","background-type":"","background-media":"","overlay-type":"","overlay-color":"","overlay-opacity":"","overlay-gradient":""},"tablet":{"background-color":"var(--ast-global-color-5)","background-image":"","background-repeat":"repeat","background-position":"center center","background-size":"auto","background-attachment":"scroll","background-type":"","background-media":"","overlay-type":"","overlay-color":"","overlay-opacity":"","overlay-gradient":""},"mobile":{"background-color":"var(--ast-global-color-5)","background-image":"","background-repeat":"repeat","background-position":"center center","background-size":"auto","background-attachment":"scroll","background-type":"","background-media":"","overlay-type":"","overlay-color":"","overlay-opacity":"","overlay-gradient":""}},"footnotes":""},"class_list":["post-192","page","type-page","status-publish","hentry"],"uagb_featured_image_src":{"full":false,"thumbnail":false,"medium":false,"medium_large":false,"large":false,"1536x1536":false,"2048x2048":false},"uagb_author_info":{"display_name":"admin9842","author_link":"https:\/\/bellesmecaniques.com\/index.php\/author\/admin9842\/"},"uagb_comment_info":0,"uagb_excerpt":null,"_links":{"self":[{"href":"https:\/\/bellesmecaniques.com\/index.php\/wp-json\/wp\/v2\/pages\/192","targetHints":{"allow":["GET"]}}],"collection":[{"href":"https:\/\/bellesmecaniques.com\/index.php\/wp-json\/wp\/v2\/pages"}],"about":[{"href":"https:\/\/bellesmecaniques.com\/index.php\/wp-json\/wp\/v2\/types\/page"}],"author":[{"embeddable":true,"href":"https:\/\/bellesmecaniques.com\/index.php\/wp-json\/wp\/v2\/users\/1"}],"replies":[{"embeddable":true,"href":"https:\/\/bellesmecaniques.com\/index.php\/wp-json\/wp\/v2\/comments?post=192"}],"version-history":[{"count":6,"href":"https:\/\/bellesmecaniques.com\/index.php\/wp-json\/wp\/v2\/pages\/192\/revisions"}],"predecessor-version":[{"id":330,"href":"https:\/\/bellesmecaniques.com\/index.php\/wp-json\/wp\/v2\/pages\/192\/revisions\/330"}],"wp:attachment":[{"href":"https:\/\/bellesmecaniques.com\/index.php\/wp-json\/wp\/v2\/media?parent=192"}],"curies":[{"name":"wp","href":"https:\/\/api.w.org\/{rel}","templated":true}]}}