{"id":206,"date":"2025-02-13T00:40:01","date_gmt":"2025-02-12T23:40:01","guid":{"rendered":"https:\/\/bellesmecaniques.com\/?page_id=206"},"modified":"2025-02-13T00:40:02","modified_gmt":"2025-02-12T23:40:02","slug":"activites","status":"publish","type":"page","link":"https:\/\/bellesmecaniques.com\/index.php\/activites\/","title":{"rendered":"Activit\u00e9s"},"content":{"rendered":"\n<p><\/p>\n\n\n\n<div class=\"wp-block-uagb-advanced-heading uagb-block-a0957432\"><p class=\"uagb-desc-text\">Activit\u00e9 de l&rsquo;association<\/p><h1 class=\"uagb-heading-text\">L&rsquo;association Les Belles M\u00e9caniques Chanasiennes r\u00e9alise plusieurs activit\u00e9s<\/h1><\/div>\n\n\n\n<p><\/p>\n\n\n\n<div class=\"wp-block-uagb-container uagb-block-bb5bdc75 alignfull uagb-is-root-container\"><div class=\"uagb-container-inner-blocks-wrap\">\n<div class=\"wp-block-uagb-container uagb-block-4b02fa33\"><\/div>\n\n\n\n<div class=\"wp-block-uagb-container uagb-block-25c92681\">\n<div class=\"wp-block-uagb-info-box uagb-block-eee5b370 uagb-infobox__content-wrap  uagb-infobox-icon-above-title uagb-infobox-image-valign-top\"><div class=\"uagb-ifb-content\"><div class=\"uagb-ifb-title-wrap\"><h2 class=\"uagb-ifb-title-prefix\">01<\/h2><h3 class=\"uagb-ifb-title\">Autorencarts<\/h3><\/div><p class=\"uagb-ifb-desc\">Chaque 4\u00e8me Dimanche du mois, Les Belles M\u00e9caniques Chanasiennes organise un Auto-Rencarts, lieu de rassemblement de voiture ancienne et de rencontre de passionn\u00e9s automobile.<br>Reconnaissable de loin avec son Barnum Jaune sur la place du March\u00e9 au Fruits de Chanas (Is\u00e8re), LBMC vous accueille avec plaisir \u00e0 notre buvette.<\/p><\/div><\/div>\n<\/div>\n<\/div><\/div>\n\n\n\n<p><\/p>\n\n\n\n<div class=\"wp-block-uagb-container uagb-block-674c8d8c alignfull uagb-is-root-container\"><div class=\"uagb-container-inner-blocks-wrap\">\n<div class=\"wp-block-uagb-container uagb-block-93f3ac0a\">\n<div class=\"wp-block-uagb-info-box uagb-block-b38a37ab uagb-infobox__content-wrap  uagb-infobox-icon-above-title uagb-infobox-image-valign-top\"><div class=\"uagb-ifb-content\"><div class=\"uagb-ifb-title-wrap\"><h2 class=\"uagb-ifb-title-prefix\">02<\/h2><h3 class=\"uagb-ifb-title\">Sorties<\/h3><\/div><p class=\"uagb-ifb-desc\">L&rsquo;association LBMC propose tout au long de l&rsquo;ann\u00e9e \u00e0 ses membres des sorties en v\u00e9hicules anciens o\u00f9 la convivialit\u00e9 est de rigueur.<br><\/p><\/div><\/div>\n<\/div>\n\n\n\n<div class=\"wp-block-uagb-container uagb-block-528af35d\"><\/div>\n<\/div><\/div>\n\n\n\n<div class=\"wp-block-uagb-container uagb-block-73996117 alignfull uagb-is-root-container\"><div class=\"uagb-container-inner-blocks-wrap\">\n<div class=\"wp-block-uagb-container uagb-block-9c6996a9\">\n<div class=\"wp-block-uagb-image uagb-block-4ed9e785 wp-block-uagb-image--layout-default wp-block-uagb-image--effect-static wp-block-uagb-image--align-none\"><figure class=\"wp-block-uagb-image__figure\"><img decoding=\"async\" srcset=\"https:\/\/bellesmecaniques.com\/wp-content\/uploads\/2025\/02\/IMG_20231029_170247-1024x576.jpg ,https:\/\/bellesmecaniques.com\/wp-content\/uploads\/2025\/02\/IMG_20231029_170247-scaled.jpg 780w, https:\/\/bellesmecaniques.com\/wp-content\/uploads\/2025\/02\/IMG_20231029_170247-scaled.jpg 360w\" sizes=\"auto, (max-width: 480px) 150px\" src=\"https:\/\/bellesmecaniques.com\/wp-content\/uploads\/2025\/02\/IMG_20231029_170247-1024x576.jpg\" alt=\"\" class=\"uag-image-208\" width=\"430\" height=\"576\" title=\"IMG_20231029_170247\" loading=\"lazy\" role=\"img\"\/><\/figure><\/div>\n<\/div>\n\n\n\n<div class=\"wp-block-uagb-container uagb-block-37736fe3\">\n<div class=\"wp-block-uagb-info-box uagb-block-7da8595f uagb-infobox__content-wrap  uagb-infobox-icon-above-title uagb-infobox-image-valign-top\"><div class=\"uagb-ifb-content\"><div class=\"uagb-ifb-title-wrap\"><h2 class=\"uagb-ifb-title-prefix\">03<\/h2><h3 class=\"uagb-ifb-title\">Atelier M\u00e9caniques<\/h3><\/div><p class=\"uagb-ifb-desc\">Des membres de l&rsquo;association proposent des ateliers m\u00e9caniques afin de partager le savoir, passer des moments conviviaux qui finissent en g\u00e9n\u00e9ral avec une troisi\u00e8me mi-temps&#8230;<\/p><\/div><\/div>\n<\/div>\n<\/div><\/div>\n\n\n\n<p><\/p>\n","protected":false},"excerpt":{"rendered":"<p>Activit\u00e9 de l&rsquo;association L&rsquo;association Les Belles M\u00e9caniques Chanasiennes r\u00e9alise plusieurs activit\u00e9s<\/p>\n","protected":false},"author":3,"featured_media":0,"parent":0,"menu_order":0,"comment_status":"closed","ping_status":"closed","template":"","meta":{"_uag_custom_page_level_css":"","site-sidebar-layout":"default","site-content-layout":"","ast-site-content-layout":"","site-content-style":"default","site-sidebar-style":"default","ast-global-header-display":"","ast-banner-title-visibility":"","ast-main-header-display":"","ast-hfb-above-header-display":"","ast-hfb-below-header-display":"","ast-hfb-mobile-header-display":"","site-post-title":"","ast-breadcrumbs-content":"","ast-featured-img":"","footer-sml-layout":"","theme-transparent-header-meta":"","adv-header-id-meta":"","stick-header-meta":"","header-above-stick-meta":"","header-main-stick-meta":"","header-below-stick-meta":"","astra-migrate-meta-layouts":"default","ast-page-background-enabled":"default","ast-page-background-meta":{"desktop":{"background-color":"var(--ast-global-color-4)","background-image":"","background-repeat":"repeat","background-position":"center center","background-size":"auto","background-attachment":"scroll","background-type":"","background-media":"","overlay-type":"","overlay-color":"","overlay-opacity":"","overlay-gradient":""},"tablet":{"background-color":"","background-image":"","background-repeat":"repeat","background-position":"center center","background-size":"auto","background-attachment":"scroll","background-type":"","background-media":"","overlay-type":"","overlay-color":"","overlay-opacity":"","overlay-gradient":""},"mobile":{"background-color":"","background-image":"","background-repeat":"repeat","background-position":"center center","background-size":"auto","background-attachment":"scroll","background-type":"","background-media":"","overlay-type":"","overlay-color":"","overlay-opacity":"","overlay-gradient":""}},"ast-content-background-meta":{"desktop":{"background-color":"var(--ast-global-color-5)","background-image":"","background-repeat":"repeat","background-position":"center center","background-size":"auto","background-attachment":"scroll","background-type":"","background-media":"","overlay-type":"","overlay-color":"","overlay-opacity":"","overlay-gradient":""},"tablet":{"background-color":"var(--ast-global-color-5)","background-image":"","background-repeat":"repeat","background-position":"center center","background-size":"auto","background-attachment":"scroll","background-type":"","background-media":"","overlay-type":"","overlay-color":"","overlay-opacity":"","overlay-gradient":""},"mobile":{"background-color":"var(--ast-global-color-5)","background-image":"","background-repeat":"repeat","background-position":"center center","background-size":"auto","background-attachment":"scroll","background-type":"","background-media":"","overlay-type":"","overlay-color":"","overlay-opacity":"","overlay-gradient":""}},"footnotes":""},"class_list":["post-206","page","type-page","status-publish","hentry"],"uagb_featured_image_src":{"full":false,"thumbnail":false,"medium":false,"medium_large":false,"large":false,"1536x1536":false,"2048x2048":false},"uagb_author_info":{"display_name":"Fran\u00e7ois MIETTE","author_link":"https:\/\/bellesmecaniques.com\/index.php\/author\/francois38550\/"},"uagb_comment_info":0,"uagb_excerpt":"Activit\u00e9 de l&rsquo;association L&rsquo;association Les Belles M\u00e9caniques Chanasiennes r\u00e9alise plusieurs activit\u00e9s","_links":{"self":[{"href":"https:\/\/bellesmecaniques.com\/index.php\/wp-json\/wp\/v2\/pages\/206","targetHints":{"allow":["GET"]}}],"collection":[{"href":"https:\/\/bellesmecaniques.com\/index.php\/wp-json\/wp\/v2\/pages"}],"about":[{"href":"https:\/\/bellesmecaniques.com\/index.php\/wp-json\/wp\/v2\/types\/page"}],"author":[{"embeddable":true,"href":"https:\/\/bellesmecaniques.com\/index.php\/wp-json\/wp\/v2\/users\/3"}],"replies":[{"embeddable":true,"href":"https:\/\/bellesmecaniques.com\/index.php\/wp-json\/wp\/v2\/comments?post=206"}],"version-history":[{"count":1,"href":"https:\/\/bellesmecaniques.com\/index.php\/wp-json\/wp\/v2\/pages\/206\/revisions"}],"predecessor-version":[{"id":209,"href":"https:\/\/bellesmecaniques.com\/index.php\/wp-json\/wp\/v2\/pages\/206\/revisions\/209"}],"wp:attachment":[{"href":"https:\/\/bellesmecaniques.com\/index.php\/wp-json\/wp\/v2\/media?parent=206"}],"curies":[{"name":"wp","href":"https:\/\/api.w.org\/{rel}","templated":true}]}}