{"id":32,"date":"2025-02-04T21:29:38","date_gmt":"2025-02-04T21:29:38","guid":{"rendered":"https:\/\/multipurpose37.ziptemplates.top\/?page_id=32"},"modified":"2025-02-17T22:28:43","modified_gmt":"2025-02-17T21:28:43","slug":"about","status":"publish","type":"page","link":"https:\/\/bellesmecaniques.com\/index.php\/about\/","title":{"rendered":"A propos"},"content":{"rendered":"\n<div class=\"wp-block-uagb-container uagb-block-cd2bf25d alignfull uagb-is-root-container\"><div class=\"uagb-container-inner-blocks-wrap\">\n<div class=\"wp-block-uagb-advanced-heading uagb-block-26b518ac\"><p class=\"uagb-desc-text\">Passion Automobile<\/p><h1 class=\"uagb-heading-text\">D\u00e9couvrez Les Belles M\u00e9caniques Chanasiennes<\/h1><\/div>\n<\/div><\/div>\n\n\n\n<div class=\"wp-block-uagb-container uagb-block-d9a6699b alignfull uagb-is-root-container\"><div class=\"uagb-container-inner-blocks-wrap\">\n<div class=\"wp-block-uagb-container uagb-block-2a0810e6\">\n<div class=\"wp-block-columns is-layout-flex wp-container-core-columns-is-layout-28f84493 wp-block-columns-is-layout-flex\">\n<div class=\"wp-block-column is-layout-flow wp-block-column-is-layout-flow\">\n<div class=\"wp-block-uagb-container uagb-block-569263bb\">\n<div class=\"wp-block-uagb-advanced-heading uagb-block-4c20278c\"><p class=\"uagb-desc-text\">NOTRE HISTOIRE<\/p><h2 class=\"uagb-heading-text\">Un refuge pour les amateurs de voitures classiques et de prestige<\/h2><\/div>\n<\/div>\n\n\n\n<div class=\"wp-block-uagb-container uagb-block-fe9265e8\">\n<figure class=\"wp-block-embed is-type-video is-provider-youtube wp-block-embed-youtube wp-embed-aspect-16-9 wp-has-aspect-ratio\" style=\"margin-top:var(--wp--preset--spacing--60);margin-right:var(--wp--preset--spacing--20);margin-bottom:var(--wp--preset--spacing--60);margin-left:var(--wp--preset--spacing--20)\"><div class=\"wp-block-embed__wrapper\">\n<div class=\"ast-oembed-container \" style=\"height: 100%;\"><iframe loading=\"lazy\" title=\"1an LBMC V2\" width=\"500\" height=\"281\" src=\"https:\/\/www.youtube.com\/embed\/Rk0PDF8xI7o?feature=oembed\" frameborder=\"0\" allow=\"accelerometer; autoplay; clipboard-write; encrypted-media; gyroscope; picture-in-picture; web-share\" referrerpolicy=\"strict-origin-when-cross-origin\" allowfullscreen><\/iframe><\/div>\n<\/div><\/figure>\n<\/div>\n<\/div>\n<\/div>\n\n\n\n<div class=\"wp-block-uagb-advanced-heading uagb-block-f12469fe\"><p class=\"uagb-heading-text\"><strong>Les Belles M\u00e9caniques Chanasiennes<\/strong> \ud83d\ude97\u2728<br><strong>Passion, entraide et convivialit\u00e9 au c\u0153ur de la m\u00e9canique !<\/strong><br>Bienvenue chez <strong>Les Belles M\u00e9caniques Chanasiennes<\/strong>, une association cr\u00e9\u00e9 par des passionn\u00e9s en 2022, d\u00e9di\u00e9e aux amoureux de voitures anciennes et de prestige. Ici, la passion de l\u2019automobile rime avec partage et bonne humeur !<br>\ud83d\udd27 <strong>Nos activit\u00e9s :<\/strong><br>\ud83d\udccd <strong>Auto-rencarts<\/strong> : chaque <strong>4\u1d49 dimanche du mois<\/strong>, nous nous retrouvons pour admirer, \u00e9changer et partager notre amour des belles m\u00e9caniques.<br>\ud83d\ude97 <strong>Sorties entre membres<\/strong> : des balades pour faire rouler nos tr\u00e9sors et profiter ensemble.<br>\ud83d\udee0 <strong>Ateliers m\u00e9caniques<\/strong> : entraide et conseils pour bichonner nos v\u00e9hicules.<br>\ud83d\udd25 <strong>Nos \u00e9v\u00e9nements phares :<\/strong><br>\ud83c\udfc1 <strong>Auto-rencart sp\u00e9cial Porsche<\/strong> \u2013 chaque ann\u00e9e en <strong>octobre<\/strong>, nous mettons \u00e0 l\u2019honneur la l\u00e9gendaire marque allemande.<br>\ud83c\udf89 <strong>Sp\u00e9cial \u00ab\u00a030 Glorieuses\u00a0\u00bb<\/strong> \u2013 cette ann\u00e9e, en <strong>juin<\/strong>, nous organisons un auto-rencart unique d\u00e9di\u00e9 aux v\u00e9hicules des ann\u00e9es <strong>50, 60 et 70<\/strong>, v\u00e9ritables symboles d\u2019une \u00e9poque florissante !<br>Depuis <strong>plus de deux ans<\/strong>, notre association ne se contente pas de rassembler des passionn\u00e9s : nous aidons concr\u00e8tement nos membres \u00e0 redonner vie \u00e0 leurs v\u00e9hicules ! Chaque ann\u00e9e, nous sauvons une voiture qui semblait condamn\u00e9e. En <strong>2024<\/strong>, nous avons restaur\u00e9 un v\u00e9hicule sinistr\u00e9 par une coul\u00e9e de boue, \u00e9vitant ainsi qu\u2019il ne parte \u00e0 la casse. Cette ann\u00e9e, nous nous lan\u00e7ons dans un projet ambitieux : restaurer une voiture de famille ayant appartenu au grand-p\u00e8re d\u2019un de nos membres, un t\u00e9moin roulant du pass\u00e9 de Chanas.<br>\ud83d\udd17 <strong>Rejoignez-nous<\/strong> pour partager cette belle aventure humaine et m\u00e9canique !<br><strong>Les Belles M\u00e9caniques Chanasiennes<\/strong> \u2013 L\u00e0 o\u00f9 chaque voiture a une histoire, et chaque histoire m\u00e9rite d\u2019\u00eatre racont\u00e9e.<\/p><\/div>\n<\/div>\n\n\n\n<div class=\"wp-block-uagb-image uagb-block-aa6e155d wp-block-uagb-image--layout-default wp-block-uagb-image--effect-static wp-block-uagb-image--align-none\"><figure class=\"wp-block-uagb-image__figure\"><img decoding=\"async\" srcset=\"https:\/\/bellesmecaniques.com\/wp-content\/uploads\/2025\/02\/IMG_20231110_211528-1024x576.jpg ,https:\/\/bellesmecaniques.com\/wp-content\/uploads\/2025\/02\/IMG_20231110_211528.jpg 780w, https:\/\/bellesmecaniques.com\/wp-content\/uploads\/2025\/02\/IMG_20231110_211528.jpg 360w\" sizes=\"auto, (max-width: 480px) 150px\" src=\"https:\/\/bellesmecaniques.com\/wp-content\/uploads\/2025\/02\/IMG_20231110_211528-1024x576.jpg\" alt=\"\" class=\"uag-image-269\" width=\"1200\" height=\"450\" title=\"IMG_20231110_211528\" loading=\"lazy\" role=\"img\"\/><\/figure><\/div>\n\n\n\n<div class=\"wp-block-uagb-container uagb-block-34df9393\">\n<div class=\"wp-block-uagb-container uagb-block-cf29644c\">\n<div class=\"wp-block-uagb-advanced-heading uagb-block-ebb1536b\"><h3 class=\"uagb-heading-text\">Patrimoine<\/h3><p class=\"uagb-desc-text\">Conserver entretenir et montrer le patrimoine roulant et l&rsquo;une de nos missions.<\/p><\/div>\n<\/div>\n\n\n\n<div class=\"wp-block-uagb-container uagb-block-73a726e4\">\n<div class=\"wp-block-uagb-advanced-heading uagb-block-414c8d9f\"><h3 class=\"uagb-heading-text\">Passion<\/h3><p class=\"uagb-desc-text\">Nous sommes des passionn\u00e9s et nous aimons partager et accueillir lors de nos auto rencart les autres clubs mais aussi toutes personnes int\u00e9ress\u00e9es par les belles m\u00e9caniques.<\/p><\/div>\n<\/div>\n\n\n\n<div class=\"wp-block-uagb-container uagb-block-8f052846\">\n<div class=\"wp-block-uagb-advanced-heading uagb-block-4bbdd7d2\"><h3 class=\"uagb-heading-text\">Convivialit\u00e9<\/h3><p class=\"uagb-desc-text\">Notre association se veut avant tous \u00eatre un espace de convivialit\u00e9 et de bonne humeur o\u00f9 les gens ont plaisir \u00e0 se retrouver.<\/p><\/div>\n<\/div>\n<\/div>\n<\/div><\/div>\n\n\n\n<div class=\"wp-block-uagb-container uagb-layout-grid uagb-block-6dd98696 alignfull uagb-is-root-container\"><div class=\"uagb-container-inner-blocks-wrap\">\n<div class=\"wp-block-uagb-image uagb-block-424e1e01 wp-block-uagb-image--layout-default wp-block-uagb-image--effect-static wp-block-uagb-image--align-none\"><figure class=\"wp-block-uagb-image__figure\"><img decoding=\"async\" srcset=\"https:\/\/bellesmecaniques.com\/wp-content\/uploads\/2025\/02\/475106836_floute-1024x683.jpg ,https:\/\/bellesmecaniques.com\/wp-content\/uploads\/2025\/02\/475106836_floute.jpg 780w, https:\/\/bellesmecaniques.com\/wp-content\/uploads\/2025\/02\/475106836_floute.jpg 360w\" sizes=\"auto, (max-width: 480px) 150px\" src=\"https:\/\/bellesmecaniques.com\/wp-content\/uploads\/2025\/02\/475106836_floute-1024x683.jpg\" alt=\"\" class=\"uag-image-266\" width=\"560\" height=\"450\" title=\"475106836_floute\" loading=\"lazy\" role=\"img\"\/><\/figure><\/div>\n\n\n\n<div class=\"wp-block-uagb-info-box uagb-block-b0ae75bf uagb-infobox__content-wrap  uagb-infobox-icon-above-title uagb-infobox-image-valign-top\"><div class=\"uagb-ifb-content\"><div class=\"uagb-ifb-title-wrap\"><span class=\"uagb-ifb-title-prefix\">Nos d\u00e9buts<\/span><h2 class=\"uagb-ifb-title\">L&rsquo;histoire de Les Belles M\u00e9caniques Chanasiennes<\/h2><\/div><p class=\"uagb-ifb-desc\">Fond\u00e9e \u00e0 Chanas, France, Les Belles M\u00e9caniques Chanasiennes a vu le jour gr\u00e2ce \u00e0 un groupe de passionn\u00e9s de voitures anciennes d\u00e9sireux de partager leur amour pour le patrimoine automobile. Au fil des ans, notre association a grandi, organisant divers \u00e9v\u00e9nements et cr\u00e9ant une communaut\u00e9 soud\u00e9e autour de cette passion commune. Nous continuons d&rsquo;accueillir de nouveaux membres pour enrichir notre aventure automobile.<\/p><\/div><\/div>\n<\/div><\/div>\n\n\n\n<div class=\"wp-block-uagb-container uagb-block-e48afbb0 alignfull uagb-is-root-container\"><div class=\"uagb-container-inner-blocks-wrap\">\n<div class=\"wp-block-uagb-info-box uagb-block-c1c19ed1 uagb-infobox__content-wrap  uagb-infobox-icon-above-title uagb-infobox-image-valign-top\"><div class=\"uagb-ifb-content\"><div class=\"uagb-ifb-title-wrap\"><span class=\"uagb-ifb-title-prefix\">Ne manquez pas \u00e7a<\/span><h2 class=\"uagb-ifb-title\">Inscrivez-vous aujourd&rsquo;hui et rejoignez-nous<\/h2><\/div><p class=\"uagb-ifb-desc\">Participez \u00e0 nos \u00e9v\u00e9nements et profitez des avantages r\u00e9serv\u00e9s aux membres de notre association.<\/p><div class=\"uagb-ifb-button-wrapper wp-block-button\"><a href=\"contact\/\" class=\"uagb-infobox-cta-link wp-block-button__link\" target=\"_self\" rel=\"noopener noreferrer\" onclick=\"return true;\"><span class=\"uagb-inline-editing\">Devenir membre<\/span><\/a><\/div><\/div><\/div>\n<\/div><\/div>\n","protected":false},"excerpt":{"rendered":"<p>Passion Automobile D\u00e9couvrez Les Belles M\u00e9caniques Chanasiennes NOTRE HISTOIRE Un refuge pour les amateurs de voitures classiques et de prestige [&hellip;]<\/p>\n","protected":false},"author":1,"featured_media":0,"parent":0,"menu_order":0,"comment_status":"closed","ping_status":"closed","template":"","meta":{"_uag_custom_page_level_css":"","site-sidebar-layout":"default","site-content-layout":"","ast-site-content-layout":"","site-content-style":"default","site-sidebar-style":"default","ast-global-header-display":"","ast-banner-title-visibility":"","ast-main-header-display":"","ast-hfb-above-header-display":"","ast-hfb-below-header-display":"","ast-hfb-mobile-header-display":"","site-post-title":"disabled","ast-breadcrumbs-content":"","ast-featured-img":"","footer-sml-layout":"","theme-transparent-header-meta":"","adv-header-id-meta":"","stick-header-meta":"","header-above-stick-meta":"","header-main-stick-meta":"","header-below-stick-meta":"","astra-migrate-meta-layouts":"default","ast-page-background-enabled":"default","ast-page-background-meta":{"desktop":{"background-color":"var(--ast-global-color-4)","background-image":"","background-repeat":"repeat","background-position":"center center","background-size":"auto","background-attachment":"scroll","background-type":"","background-media":"","overlay-type":"","overlay-color":"","overlay-opacity":"","overlay-gradient":""},"tablet":{"background-color":"","background-image":"","background-repeat":"repeat","background-position":"center center","background-size":"auto","background-attachment":"scroll","background-type":"","background-media":"","overlay-type":"","overlay-color":"","overlay-opacity":"","overlay-gradient":""},"mobile":{"background-color":"","background-image":"","background-repeat":"repeat","background-position":"center center","background-size":"auto","background-attachment":"scroll","background-type":"","background-media":"","overlay-type":"","overlay-color":"","overlay-opacity":"","overlay-gradient":""}},"ast-content-background-meta":{"desktop":{"background-color":"var(--ast-global-color-5)","background-image":"","background-repeat":"repeat","background-position":"center center","background-size":"auto","background-attachment":"scroll","background-type":"","background-media":"","overlay-type":"","overlay-color":"","overlay-opacity":"","overlay-gradient":""},"tablet":{"background-color":"var(--ast-global-color-5)","background-image":"","background-repeat":"repeat","background-position":"center center","background-size":"auto","background-attachment":"scroll","background-type":"","background-media":"","overlay-type":"","overlay-color":"","overlay-opacity":"","overlay-gradient":""},"mobile":{"background-color":"var(--ast-global-color-5)","background-image":"","background-repeat":"repeat","background-position":"center center","background-size":"auto","background-attachment":"scroll","background-type":"","background-media":"","overlay-type":"","overlay-color":"","overlay-opacity":"","overlay-gradient":""}},"footnotes":""},"class_list":["post-32","page","type-page","status-publish","hentry"],"uagb_featured_image_src":{"full":false,"thumbnail":false,"medium":false,"medium_large":false,"large":false,"1536x1536":false,"2048x2048":false},"uagb_author_info":{"display_name":"admin9842","author_link":"https:\/\/bellesmecaniques.com\/index.php\/author\/admin9842\/"},"uagb_comment_info":0,"uagb_excerpt":"Passion Automobile D\u00e9couvrez Les Belles M\u00e9caniques Chanasiennes NOTRE HISTOIRE Un refuge pour les amateurs de voitures classiques et de prestige [&hellip;]","_links":{"self":[{"href":"https:\/\/bellesmecaniques.com\/index.php\/wp-json\/wp\/v2\/pages\/32","targetHints":{"allow":["GET"]}}],"collection":[{"href":"https:\/\/bellesmecaniques.com\/index.php\/wp-json\/wp\/v2\/pages"}],"about":[{"href":"https:\/\/bellesmecaniques.com\/index.php\/wp-json\/wp\/v2\/types\/page"}],"author":[{"embeddable":true,"href":"https:\/\/bellesmecaniques.com\/index.php\/wp-json\/wp\/v2\/users\/1"}],"replies":[{"embeddable":true,"href":"https:\/\/bellesmecaniques.com\/index.php\/wp-json\/wp\/v2\/comments?post=32"}],"version-history":[{"count":4,"href":"https:\/\/bellesmecaniques.com\/index.php\/wp-json\/wp\/v2\/pages\/32\/revisions"}],"predecessor-version":[{"id":501,"href":"https:\/\/bellesmecaniques.com\/index.php\/wp-json\/wp\/v2\/pages\/32\/revisions\/501"}],"wp:attachment":[{"href":"https:\/\/bellesmecaniques.com\/index.php\/wp-json\/wp\/v2\/media?parent=32"}],"curies":[{"name":"wp","href":"https:\/\/api.w.org\/{rel}","templated":true}]}}